{"id":5085,"date":"2020-07-01T18:32:46","date_gmt":"2020-07-02T00:32:46","guid":{"rendered":"https:\/\/cuerdasarmonicas.com.mx\/distribuidores\/?post_type=product&#038;p=5085"},"modified":"2023-01-30T14:08:06","modified_gmt":"2023-01-30T20:08:06","slug":"afinador-para-guitarra-y-bajo-electrico-intelli","status":"publish","type":"product","link":"https:\/\/cuerdasarmonicas.com.mx\/distribuidores\/productos\/remate\/afinador-para-guitarra-y-bajo-electrico-intelli\/","title":{"rendered":"Afinador para Guitarra y Bajo El\u00e9ctrico INTELLI."},"content":{"rendered":"<p>Pantalla L\u00edquida, Indicadores Digitales, Entrada para Cable de Instrumentos Electr\u00f3nicos y Micr\u00f3fono.<\/p>\n","protected":false},"excerpt":{"rendered":"<p>Pantalla L\u00edquida, Indicadores Digitales, Entrada para Cable de Instrumentos Electr\u00f3nicos y Micr\u00f3fono.<\/p>\n","protected":false},"featured_media":5086,"comment_status":"closed","ping_status":"closed","template":"","meta":[],"product_brand":[],"product_cat":[264],"product_tag":[],"class_list":{"0":"post-5085","1":"product","2":"type-product","3":"status-publish","4":"has-post-thumbnail","6":"product_cat-remate","8":"first","9":"outofstock","10":"taxable","11":"shipping-taxable","12":"purchasable","13":"product-type-simple"},"_links":{"self":[{"href":"https:\/\/cuerdasarmonicas.com.mx\/distribuidores\/wp-json\/wp\/v2\/product\/5085","targetHints":{"allow":["GET"]}}],"collection":[{"href":"https:\/\/cuerdasarmonicas.com.mx\/distribuidores\/wp-json\/wp\/v2\/product"}],"about":[{"href":"https:\/\/cuerdasarmonicas.com.mx\/distribuidores\/wp-json\/wp\/v2\/types\/product"}],"replies":[{"embeddable":true,"href":"https:\/\/cuerdasarmonicas.com.mx\/distribuidores\/wp-json\/wp\/v2\/comments?post=5085"}],"wp:featuredmedia":[{"embeddable":true,"href":"https:\/\/cuerdasarmonicas.com.mx\/distribuidores\/wp-json\/wp\/v2\/media\/5086"}],"wp:attachment":[{"href":"https:\/\/cuerdasarmonicas.com.mx\/distribuidores\/wp-json\/wp\/v2\/media?parent=5085"}],"wp:term":[{"taxonomy":"product_brand","embeddable":true,"href":"https:\/\/cuerdasarmonicas.com.mx\/distribuidores\/wp-json\/wp\/v2\/product_brand?post=5085"},{"taxonomy":"product_cat","embeddable":true,"href":"https:\/\/cuerdasarmonicas.com.mx\/distribuidores\/wp-json\/wp\/v2\/product_cat?post=5085"},{"taxonomy":"product_tag","embeddable":true,"href":"https:\/\/cuerdasarmonicas.com.mx\/distribuidores\/wp-json\/wp\/v2\/product_tag?post=5085"}],"curies":[{"name":"wp","href":"https:\/\/api.w.org\/{rel}","templated":true}]}}