{"id":238,"date":"2014-12-15T18:14:54","date_gmt":"2014-12-16T00:14:54","guid":{"rendered":"http:\/\/virtualmorelia.com\/projects\/camsa\/?post_type=product&#038;p=238"},"modified":"2026-01-23T15:08:59","modified_gmt":"2026-01-23T21:08:59","slug":"cuerdas-para-guitarra-electrica-mod-3000-d","status":"publish","type":"product","link":"https:\/\/cuerdasarmonicas.com.mx\/distribuidores\/productos\/selene\/cuerdas-para-guitarra-electrica\/cuerdas-para-guitarra-electrica-mod-3000-d\/","title":{"rendered":"Cuerdas para Guitarra El\u00e9ctrica, Mod.3000-D"},"content":{"rendered":"<p><strong>Acero Liso Esta\u00f1ado, Entorchado Acero Inoxidable (sobre Alma de Acero Hexagonal Esta\u00f1ado). Delgada. Con ojillos.<\/strong><\/p>\n","protected":false},"excerpt":{"rendered":"<table>\n<tbody>\n<tr>\n<td width=\"57\">1a<\/td>\n<td width=\"57\">2a<\/td>\n<td width=\"57\">3a<\/td>\n<td width=\"57\">4a<\/td>\n<td width=\"57\">5a<\/td>\n<td width=\"57\">6a<\/td>\n<\/tr>\n<tr>\n<td width=\"57\">0.008&#8243;<\/td>\n<td width=\"57\">0.011&#8243;<\/td>\n<td width=\"57\">0.014&#8243;<\/td>\n<td width=\"57\">0.022&#8243;<\/td>\n<td width=\"57\">0.030&#8243;<\/td>\n<td width=\"57\">0.038&#8243;<\/td>\n<\/tr>\n<tr>\n<td width=\"57\">Mi<\/td>\n<td width=\"57\">Si<\/td>\n<td width=\"57\">Sol<\/td>\n<td width=\"57\">Re<\/td>\n<td width=\"57\">La<\/td>\n<td width=\"57\">Mi<\/td>\n<\/tr>\n<\/tbody>\n<\/table>\n","protected":false},"featured_media":4205,"comment_status":"closed","ping_status":"closed","template":"","meta":[],"product_brand":[],"product_cat":[9,16],"product_tag":[],"class_list":{"0":"post-238","1":"product","2":"type-product","3":"status-publish","4":"has-post-thumbnail","6":"product_cat-selene","7":"product_cat-cuerdas-para-guitarra-electrica","8":"pa_comparativa-cometa","9":"pa_comparativa-e100n","10":"pa_material-acero-liso-estanado","11":"pa_material-entorchado-acero-inoxidable","13":"first","14":"instock","15":"taxable","16":"shipping-taxable","17":"purchasable","18":"product-type-variable"},"_links":{"self":[{"href":"https:\/\/cuerdasarmonicas.com.mx\/distribuidores\/wp-json\/wp\/v2\/product\/238","targetHints":{"allow":["GET"]}}],"collection":[{"href":"https:\/\/cuerdasarmonicas.com.mx\/distribuidores\/wp-json\/wp\/v2\/product"}],"about":[{"href":"https:\/\/cuerdasarmonicas.com.mx\/distribuidores\/wp-json\/wp\/v2\/types\/product"}],"replies":[{"embeddable":true,"href":"https:\/\/cuerdasarmonicas.com.mx\/distribuidores\/wp-json\/wp\/v2\/comments?post=238"}],"wp:featuredmedia":[{"embeddable":true,"href":"https:\/\/cuerdasarmonicas.com.mx\/distribuidores\/wp-json\/wp\/v2\/media\/4205"}],"wp:attachment":[{"href":"https:\/\/cuerdasarmonicas.com.mx\/distribuidores\/wp-json\/wp\/v2\/media?parent=238"}],"wp:term":[{"taxonomy":"product_brand","embeddable":true,"href":"https:\/\/cuerdasarmonicas.com.mx\/distribuidores\/wp-json\/wp\/v2\/product_brand?post=238"},{"taxonomy":"product_cat","embeddable":true,"href":"https:\/\/cuerdasarmonicas.com.mx\/distribuidores\/wp-json\/wp\/v2\/product_cat?post=238"},{"taxonomy":"product_tag","embeddable":true,"href":"https:\/\/cuerdasarmonicas.com.mx\/distribuidores\/wp-json\/wp\/v2\/product_tag?post=238"}],"curies":[{"name":"wp","href":"https:\/\/api.w.org\/{rel}","templated":true}]}}