{"id":1849,"date":"2015-02-12T17:17:14","date_gmt":"2015-02-12T23:17:14","guid":{"rendered":"http:\/\/virtualmorelia.com\/projects\/camsa\/?post_type=product&#038;p=1849"},"modified":"2024-10-09T08:01:32","modified_gmt":"2024-10-09T14:01:32","slug":"barbada-de-madera-imitacion-ebano-para-violin","status":"publish","type":"product","link":"https:\/\/cuerdasarmonicas.com.mx\/distribuidores\/productos\/accesorios\/violin-viola-cello-accesorios\/barbada-de-madera-imitacion-ebano-para-violin\/","title":{"rendered":"Barbada de Madera Imitaci\u00f3n \u00c9bano para Viol\u00edn"},"content":{"rendered":"","protected":false},"excerpt":{"rendered":"","protected":false},"featured_media":1850,"comment_status":"closed","ping_status":"closed","template":"","meta":[],"product_brand":[],"product_cat":[28,176],"product_tag":[],"class_list":{"0":"post-1849","1":"product","2":"type-product","3":"status-publish","4":"has-post-thumbnail","6":"product_cat-accesorios","7":"product_cat-violin-viola-cello-accesorios","9":"first","10":"instock","11":"taxable","12":"shipping-taxable","13":"purchasable","14":"product-type-simple"},"_links":{"self":[{"href":"https:\/\/cuerdasarmonicas.com.mx\/distribuidores\/wp-json\/wp\/v2\/product\/1849","targetHints":{"allow":["GET"]}}],"collection":[{"href":"https:\/\/cuerdasarmonicas.com.mx\/distribuidores\/wp-json\/wp\/v2\/product"}],"about":[{"href":"https:\/\/cuerdasarmonicas.com.mx\/distribuidores\/wp-json\/wp\/v2\/types\/product"}],"replies":[{"embeddable":true,"href":"https:\/\/cuerdasarmonicas.com.mx\/distribuidores\/wp-json\/wp\/v2\/comments?post=1849"}],"wp:featuredmedia":[{"embeddable":true,"href":"https:\/\/cuerdasarmonicas.com.mx\/distribuidores\/wp-json\/wp\/v2\/media\/1850"}],"wp:attachment":[{"href":"https:\/\/cuerdasarmonicas.com.mx\/distribuidores\/wp-json\/wp\/v2\/media?parent=1849"}],"wp:term":[{"taxonomy":"product_brand","embeddable":true,"href":"https:\/\/cuerdasarmonicas.com.mx\/distribuidores\/wp-json\/wp\/v2\/product_brand?post=1849"},{"taxonomy":"product_cat","embeddable":true,"href":"https:\/\/cuerdasarmonicas.com.mx\/distribuidores\/wp-json\/wp\/v2\/product_cat?post=1849"},{"taxonomy":"product_tag","embeddable":true,"href":"https:\/\/cuerdasarmonicas.com.mx\/distribuidores\/wp-json\/wp\/v2\/product_tag?post=1849"}],"curies":[{"name":"wp","href":"https:\/\/api.w.org\/{rel}","templated":true}]}}