{"id":161,"date":"2014-12-12T16:29:27","date_gmt":"2014-12-12T22:29:27","guid":{"rendered":"http:\/\/virtualmorelia.com\/projects\/camsa\/productos\/guitarra-electrica\/cuerdas-profesionales-para-guitarra-electrica-premier-mod-520-copiar\/"},"modified":"2026-01-13T10:35:44","modified_gmt":"2026-01-13T16:35:44","slug":"cuerdas-profesionales-para-guitarra-electrica-premier-mod-620","status":"publish","type":"product","link":"https:\/\/cuerdasarmonicas.com.mx\/distribuidores\/productos\/sonatina\/cuerdas-para-guitarra-electrica-sonatina\/cuerdas-profesionales-para-guitarra-electrica-premier-mod-620\/","title":{"rendered":"Cuerdas Profesionales para Guitarra El\u00e9ctrica, Premier, Mod.620"},"content":{"rendered":"<p><strong>Acero Liso Esta\u00f1ado, Entorchado Acero N\u00edquel.<\/strong><\/p>\n","protected":false},"excerpt":{"rendered":"<table>\n<tbody>\n<tr>\n<td width=\"57\">1a<\/td>\n<td width=\"57\">2a<\/td>\n<td width=\"57\">3a<\/td>\n<td width=\"57\">4a<\/td>\n<td width=\"57\">5a<\/td>\n<td width=\"57\">6a<\/td>\n<\/tr>\n<tr>\n<td width=\"57\">0.009&#8243;<\/td>\n<td width=\"57\">0.011&#8243;<\/td>\n<td width=\"57\">0.016&#8243;<\/td>\n<td width=\"57\">0.024&#8243;<\/td>\n<td width=\"57\">0.032&#8243;<\/td>\n<td width=\"57\">0.042&#8243;<\/td>\n<\/tr>\n<tr>\n<td width=\"57\">Mi<\/td>\n<td width=\"57\">Si<\/td>\n<td width=\"57\">Sol<\/td>\n<td width=\"57\">Re<\/td>\n<td width=\"57\">La<\/td>\n<td width=\"57\">Mi<\/td>\n<\/tr>\n<\/tbody>\n<\/table>\n","protected":false},"featured_media":4253,"comment_status":"closed","ping_status":"closed","template":"","meta":[],"product_brand":[],"product_cat":[10,220],"product_tag":[],"class_list":{"0":"post-161","1":"product","2":"type-product","3":"status-publish","4":"has-post-thumbnail","6":"product_cat-sonatina","7":"product_cat-cuerdas-para-guitarra-electrica-sonatina","8":"pa_calibre-mediano","9":"pa_comparativa-225-azul","10":"pa_comparativa-daddario-exl130","11":"pa_comparativa-ernie-ball","12":"pa_comparativa-fender-150ul","13":"pa_comparativa-gibson-g-700-sul","14":"pa_comparativa-jimmy-wess-wn-1008","15":"pa_material-acero-entorchado-niquel","16":"pa_material-acero-liso-estanado","18":"first","19":"instock","20":"taxable","21":"shipping-taxable","22":"purchasable","23":"product-type-variable"},"_links":{"self":[{"href":"https:\/\/cuerdasarmonicas.com.mx\/distribuidores\/wp-json\/wp\/v2\/product\/161","targetHints":{"allow":["GET"]}}],"collection":[{"href":"https:\/\/cuerdasarmonicas.com.mx\/distribuidores\/wp-json\/wp\/v2\/product"}],"about":[{"href":"https:\/\/cuerdasarmonicas.com.mx\/distribuidores\/wp-json\/wp\/v2\/types\/product"}],"replies":[{"embeddable":true,"href":"https:\/\/cuerdasarmonicas.com.mx\/distribuidores\/wp-json\/wp\/v2\/comments?post=161"}],"wp:featuredmedia":[{"embeddable":true,"href":"https:\/\/cuerdasarmonicas.com.mx\/distribuidores\/wp-json\/wp\/v2\/media\/4253"}],"wp:attachment":[{"href":"https:\/\/cuerdasarmonicas.com.mx\/distribuidores\/wp-json\/wp\/v2\/media?parent=161"}],"wp:term":[{"taxonomy":"product_brand","embeddable":true,"href":"https:\/\/cuerdasarmonicas.com.mx\/distribuidores\/wp-json\/wp\/v2\/product_brand?post=161"},{"taxonomy":"product_cat","embeddable":true,"href":"https:\/\/cuerdasarmonicas.com.mx\/distribuidores\/wp-json\/wp\/v2\/product_cat?post=161"},{"taxonomy":"product_tag","embeddable":true,"href":"https:\/\/cuerdasarmonicas.com.mx\/distribuidores\/wp-json\/wp\/v2\/product_tag?post=161"}],"curies":[{"name":"wp","href":"https:\/\/api.w.org\/{rel}","templated":true}]}}