{"id":159,"date":"2014-12-12T16:29:00","date_gmt":"2014-12-12T22:29:00","guid":{"rendered":"http:\/\/virtualmorelia.com\/projects\/camsa\/?post_type=product&#038;p=159"},"modified":"2026-01-13T10:35:44","modified_gmt":"2026-01-13T16:35:44","slug":"cuerdas-profesionales-para-guitarra-electrica-premier-mod-520","status":"publish","type":"product","link":"https:\/\/cuerdasarmonicas.com.mx\/distribuidores\/productos\/sonatina\/cuerdas-para-guitarra-electrica-sonatina\/cuerdas-profesionales-para-guitarra-electrica-premier-mod-520\/","title":{"rendered":"Cuerdas Profesionales para Guitarra El\u00e9ctrica Premier, Mod. 520"},"content":{"rendered":"<p><strong>Acero Liso Esta\u00f1ado, Entorchado Acero N\u00edquel.<\/strong><\/p>\n","protected":false},"excerpt":{"rendered":"<table>\n<tbody>\n<tr>\n<td width=\"57\">1a<\/td>\n<td width=\"57\">2a<\/td>\n<td width=\"57\">3a<\/td>\n<td width=\"57\">4a<\/td>\n<td width=\"57\">5a<\/td>\n<td width=\"57\">6a<\/td>\n<\/tr>\n<tr>\n<td width=\"57\">0.008&#8243;<\/td>\n<td width=\"57\">0.011&#8243;<\/td>\n<td width=\"57\">0.014&#8243;<\/td>\n<td width=\"57\">0.022&#8243;<\/td>\n<td width=\"57\">0.030&#8243;<\/td>\n<td width=\"57\">0.038&#8243;<\/td>\n<\/tr>\n<tr>\n<td width=\"57\">Mi<\/td>\n<td width=\"57\">Si<\/td>\n<td width=\"57\">Sol<\/td>\n<td width=\"57\">Re<\/td>\n<td width=\"57\">La<\/td>\n<td width=\"57\">Mi<\/td>\n<\/tr>\n<\/tbody>\n<\/table>\n","protected":false},"featured_media":4252,"comment_status":"closed","ping_status":"closed","template":"","meta":[],"product_brand":[],"product_cat":[10,220],"product_tag":[],"class_list":{"0":"post-159","1":"product","2":"type-product","3":"status-publish","4":"has-post-thumbnail","6":"product_cat-sonatina","7":"product_cat-cuerdas-para-guitarra-electrica-sonatina","8":"pa_calibre-delgado","9":"pa_comparativa-225-azul","10":"pa_comparativa-daddario-exl130","11":"pa_comparativa-ernie-ball","12":"pa_comparativa-fender-150ul","13":"pa_comparativa-gibson-g-700-sul","14":"pa_comparativa-jimmy-wess-wn-1008","15":"pa_material-acero-entorchado-niquel","16":"pa_material-acero-liso-estanado","18":"first","19":"instock","20":"taxable","21":"shipping-taxable","22":"purchasable","23":"product-type-variable"},"_links":{"self":[{"href":"https:\/\/cuerdasarmonicas.com.mx\/distribuidores\/wp-json\/wp\/v2\/product\/159","targetHints":{"allow":["GET"]}}],"collection":[{"href":"https:\/\/cuerdasarmonicas.com.mx\/distribuidores\/wp-json\/wp\/v2\/product"}],"about":[{"href":"https:\/\/cuerdasarmonicas.com.mx\/distribuidores\/wp-json\/wp\/v2\/types\/product"}],"replies":[{"embeddable":true,"href":"https:\/\/cuerdasarmonicas.com.mx\/distribuidores\/wp-json\/wp\/v2\/comments?post=159"}],"wp:featuredmedia":[{"embeddable":true,"href":"https:\/\/cuerdasarmonicas.com.mx\/distribuidores\/wp-json\/wp\/v2\/media\/4252"}],"wp:attachment":[{"href":"https:\/\/cuerdasarmonicas.com.mx\/distribuidores\/wp-json\/wp\/v2\/media?parent=159"}],"wp:term":[{"taxonomy":"product_brand","embeddable":true,"href":"https:\/\/cuerdasarmonicas.com.mx\/distribuidores\/wp-json\/wp\/v2\/product_brand?post=159"},{"taxonomy":"product_cat","embeddable":true,"href":"https:\/\/cuerdasarmonicas.com.mx\/distribuidores\/wp-json\/wp\/v2\/product_cat?post=159"},{"taxonomy":"product_tag","embeddable":true,"href":"https:\/\/cuerdasarmonicas.com.mx\/distribuidores\/wp-json\/wp\/v2\/product_tag?post=159"}],"curies":[{"name":"wp","href":"https:\/\/api.w.org\/{rel}","templated":true}]}}