{"id":147,"date":"2014-12-11T18:41:15","date_gmt":"2014-12-12T00:41:15","guid":{"rendered":"http:\/\/virtualmorelia.com\/projects\/camsa\/?post_type=product&#038;p=147"},"modified":"2026-01-13T10:35:43","modified_gmt":"2026-01-13T16:35:43","slug":"cuerdas-para-guitarra-acustica-premier-mod-320","status":"publish","type":"product","link":"https:\/\/cuerdasarmonicas.com.mx\/distribuidores\/productos\/sonatina\/cuerdas-para-electro-acustica\/cuerdas-para-guitarra-acustica-premier-mod-320\/","title":{"rendered":"Cuerdas para Guitarra Ac\u00fastica o Electroac\u00fastica Premier, Mod. 320"},"content":{"rendered":"<p><strong>Lisa Acero Esta\u00f1ado, Entorchado Plateado con Borla<\/strong><\/p>\n<p>&nbsp;<\/p>\n","protected":false},"excerpt":{"rendered":"<table>\n<tbody>\n<tr>\n<td width=\"57\">1a<\/td>\n<td width=\"57\">2a<\/td>\n<td width=\"57\">3a<\/td>\n<td width=\"57\">4a<\/td>\n<td width=\"57\">5a<\/td>\n<td width=\"57\">6a<\/td>\n<\/tr>\n<tr>\n<td width=\"57\">0.010&#8243;<\/td>\n<td width=\"57\">0.014&#8243;<\/td>\n<td width=\"57\">0.023&#8243;<\/td>\n<td width=\"57\">0.029&#8243;<\/td>\n<td width=\"57\">0.038&#8243;<\/td>\n<td width=\"57\">0.047&#8243;<\/td>\n<\/tr>\n<tr>\n<td width=\"57\">Mi<\/td>\n<td width=\"57\">Si<\/td>\n<td width=\"57\">Sol<\/td>\n<td width=\"57\">Re<\/td>\n<td width=\"57\">La<\/td>\n<td width=\"57\">Mi<\/td>\n<\/tr>\n<\/tbody>\n<\/table>\n","protected":false},"featured_media":4255,"comment_status":"closed","ping_status":"closed","template":"","meta":[],"product_brand":[],"product_cat":[10,219],"product_tag":[],"class_list":{"0":"post-147","1":"product","2":"type-product","3":"status-publish","4":"has-post-thumbnail","6":"product_cat-sonatina","7":"product_cat-cuerdas-para-electro-acustica","8":"pa_comparativa-cometa","9":"pa_comparativa-daddario-ej20","10":"pa_comparativa-la-bella-700l","11":"pa_comparativa-victor","12":"pa_material-acero-liso-estanado","13":"pa_material-entorchado-plateado","15":"first","16":"instock","17":"taxable","18":"shipping-taxable","19":"purchasable","20":"product-type-variable"},"_links":{"self":[{"href":"https:\/\/cuerdasarmonicas.com.mx\/distribuidores\/wp-json\/wp\/v2\/product\/147","targetHints":{"allow":["GET"]}}],"collection":[{"href":"https:\/\/cuerdasarmonicas.com.mx\/distribuidores\/wp-json\/wp\/v2\/product"}],"about":[{"href":"https:\/\/cuerdasarmonicas.com.mx\/distribuidores\/wp-json\/wp\/v2\/types\/product"}],"replies":[{"embeddable":true,"href":"https:\/\/cuerdasarmonicas.com.mx\/distribuidores\/wp-json\/wp\/v2\/comments?post=147"}],"wp:featuredmedia":[{"embeddable":true,"href":"https:\/\/cuerdasarmonicas.com.mx\/distribuidores\/wp-json\/wp\/v2\/media\/4255"}],"wp:attachment":[{"href":"https:\/\/cuerdasarmonicas.com.mx\/distribuidores\/wp-json\/wp\/v2\/media?parent=147"}],"wp:term":[{"taxonomy":"product_brand","embeddable":true,"href":"https:\/\/cuerdasarmonicas.com.mx\/distribuidores\/wp-json\/wp\/v2\/product_brand?post=147"},{"taxonomy":"product_cat","embeddable":true,"href":"https:\/\/cuerdasarmonicas.com.mx\/distribuidores\/wp-json\/wp\/v2\/product_cat?post=147"},{"taxonomy":"product_tag","embeddable":true,"href":"https:\/\/cuerdasarmonicas.com.mx\/distribuidores\/wp-json\/wp\/v2\/product_tag?post=147"}],"curies":[{"name":"wp","href":"https:\/\/api.w.org\/{rel}","templated":true}]}}