{"id":132,"date":"2014-12-11T16:11:44","date_gmt":"2014-12-11T22:11:44","guid":{"rendered":"http:\/\/virtualmorelia.com\/projects\/camsa\/?post_type=product&#038;p=132"},"modified":"2026-01-13T10:35:44","modified_gmt":"2026-01-13T16:35:44","slug":"cuerdas-para-guitarra-clasica-profesional-mod-5000","status":"publish","type":"product","link":"https:\/\/cuerdasarmonicas.com.mx\/distribuidores\/productos\/sonatina\/cuerdas-para-clasica-profesional\/cuerdas-para-guitarra-clasica-profesional-mod-5000\/","title":{"rendered":"Cuerdas para Guitarra Cl\u00e1sica Profesional, Mod.5000"},"content":{"rendered":"<p><strong>Nylon \u00abDymetrol Trutone\u00bb Cristalino Microcalibrado, Entorchado Plateado.\u00a0<\/strong><\/p>\nRecomiendo ampliamente las cuerdas \"Sonatina 5000\" por su potencia sonora, afinaci\u00f3n perfecta, durabilidad, prolongaci\u00f3n y brillante calidad tonal. Estas cualidades la sit\u00faan en condiciones de competir con as mejores cuerdas del mundo.\n","protected":false},"excerpt":{"rendered":"<table>\n<tbody>\n<tr>\n<td width=\"57\">1a<\/td>\n<td width=\"57\">2a<\/td>\n<td width=\"57\">3a<\/td>\n<td width=\"57\">4a<\/td>\n<td width=\"57\">5a<\/td>\n<td width=\"57\">6a<\/td>\n<\/tr>\n<tr>\n<td width=\"57\">0.029&#8243;<\/td>\n<td width=\"57\">0.033&#8243;<\/td>\n<td width=\"57\">0.041&#8243;<\/td>\n<td width=\"57\">0.030&#8243;<\/td>\n<td width=\"57\">0.037&#8243;<\/td>\n<td width=\"57\">0.044&#8243;<\/td>\n<\/tr>\n<tr>\n<td width=\"57\">Mi<\/td>\n<td width=\"57\">Si<\/td>\n<td width=\"57\">Sol<\/td>\n<td width=\"57\">Re<\/td>\n<td width=\"57\">La<\/td>\n<td width=\"57\">Mi<\/td>\n<\/tr>\n<\/tbody>\n<\/table>\n","protected":false},"featured_media":5398,"comment_status":"closed","ping_status":"closed","template":"","meta":[],"product_brand":[],"product_cat":[10,218],"product_tag":[],"class_list":{"0":"post-132","1":"product","2":"type-product","3":"status-publish","4":"has-post-thumbnail","6":"product_cat-sonatina","7":"product_cat-cuerdas-para-clasica-profesional","8":"pa_comparativa-augistine-imperial-dorada","9":"pa_comparativa-daddario-ej46","10":"pa_comparativa-la-bella-2001-mht","11":"pa_comparativa-savarez-530r","12":"pa_material-nylon-cristalino","13":"pa_tension-alta","15":"first","16":"instock","17":"taxable","18":"shipping-taxable","19":"purchasable","20":"product-type-variable"},"_links":{"self":[{"href":"https:\/\/cuerdasarmonicas.com.mx\/distribuidores\/wp-json\/wp\/v2\/product\/132","targetHints":{"allow":["GET"]}}],"collection":[{"href":"https:\/\/cuerdasarmonicas.com.mx\/distribuidores\/wp-json\/wp\/v2\/product"}],"about":[{"href":"https:\/\/cuerdasarmonicas.com.mx\/distribuidores\/wp-json\/wp\/v2\/types\/product"}],"replies":[{"embeddable":true,"href":"https:\/\/cuerdasarmonicas.com.mx\/distribuidores\/wp-json\/wp\/v2\/comments?post=132"}],"wp:featuredmedia":[{"embeddable":true,"href":"https:\/\/cuerdasarmonicas.com.mx\/distribuidores\/wp-json\/wp\/v2\/media\/5398"}],"wp:attachment":[{"href":"https:\/\/cuerdasarmonicas.com.mx\/distribuidores\/wp-json\/wp\/v2\/media?parent=132"}],"wp:term":[{"taxonomy":"product_brand","embeddable":true,"href":"https:\/\/cuerdasarmonicas.com.mx\/distribuidores\/wp-json\/wp\/v2\/product_brand?post=132"},{"taxonomy":"product_cat","embeddable":true,"href":"https:\/\/cuerdasarmonicas.com.mx\/distribuidores\/wp-json\/wp\/v2\/product_cat?post=132"},{"taxonomy":"product_tag","embeddable":true,"href":"https:\/\/cuerdasarmonicas.com.mx\/distribuidores\/wp-json\/wp\/v2\/product_tag?post=132"}],"curies":[{"name":"wp","href":"https:\/\/api.w.org\/{rel}","templated":true}]}}